{"id":2700,"date":"2024-05-17T22:44:18","date_gmt":"2024-05-17T22:44:18","guid":{"rendered":"https:\/\/estreia.pt\/?page_id=2700"},"modified":"2024-07-04T17:41:04","modified_gmt":"2024-07-04T17:41:04","slug":"presentation-design","status":"publish","type":"page","link":"https:\/\/estreia.pt\/en\/services\/presentation-design\/","title":{"rendered":"Presentations Design and Videos"},"content":{"rendered":"\n<h2 class=\"wp-block-heading\">Videos and multimedia presentations are ideal forms of digital communication for websites, events, social media or advertising, due to the visual impact and interactivity they allow.<\/h2>\n\n\n\n<p>Presentations can be produced in a variety of formats, including video, HTML, MS Powerpoint, Flash or other, depending on the intended purpose.<\/p>\n\n\n\n<p>They can be presented live, online or delivered to end-users on physical media (DVD or USB Pens), and be controlled by an user, or interact with users, or simply run on loop.<\/p>\n\n\n\n<h3 class=\"wp-block-heading\">ESTREIA has produced videos and presentations for different purposes, namely:<\/h3>\n\n\n\n<ul>\n<li>Videos for social media and websites, acting as landing pages or infograhics;<\/li>\n\n\n\n<li>Presentations for public spaces, such as storefronts, kiosks or trade fair stands;<\/li>\n\n\n\n<li>Presentations for events, summits, used by speakers in congresses, etc;<\/li>\n\n\n\n<li>Presentations for commercial purposes, used in business\/sales meetings;<\/li>\n\n\n\n<li>Digital versions of publications, like corporate reports, technical books, etc.<\/li>\n<\/ul>\n\n\n\n<p>Check ESTREIA\u2019s\u00a0<a href=\"https:\/\/estreia.pt\/en\/portfolio\/presentation-portfolio\/\">presentation design portfolio<\/a>\u00a0or\u00a0<a href=\"https:\/\/estreia.pt\/en\/contacts\/\">get in touch<\/a>\u00a0for further information.<\/p>\n\n\n\n<figure class=\"wp-block-gallery has-nested-images columns-default is-cropped\">\n<figure class=\"wp-block-image size-large\"><img loading=\"lazy\" decoding=\"async\" width=\"800\" height=\"600\" data-id=\"2285\" src=\"https:\/\/estreia.pt\/wp-content\/uploads\/apresentacoes_videos.jpg\" alt=\"Design de Apresenta\u00e7\u00f5es e V\u00eddeos (\u00a9 ESTREIA, Fotolia)\" class=\"wp-image-2285\" srcset=\"https:\/\/estreia.pt\/wp-content\/uploads\/apresentacoes_videos.jpg 800w, https:\/\/estreia.pt\/wp-content\/uploads\/apresentacoes_videos-768x576.jpg 768w\" sizes=\"(max-width: 800px) 100vw, 800px\" \/><\/figure>\n<\/figure>\n","protected":false},"excerpt":{"rendered":"<p>Videos and multimedia presentations are ideal forms of digital communication for websites, events, social media or advertising, due to the visual impact and interactivity they allow. Presentations can be produced in a variety of formats, including video, HTML, MS Powerpoint, Flash or other, depending on the intended purpose. They can be presented live, online or [&hellip;]<\/p>\n","protected":false},"author":1,"featured_media":2018,"parent":2647,"menu_order":3,"comment_status":"closed","ping_status":"closed","template":"","meta":{"_acf_changed":false,"footnotes":""},"tags":[],"acf":[],"_links":{"self":[{"href":"https:\/\/estreia.pt\/en\/wp-json\/wp\/v2\/pages\/2700"}],"collection":[{"href":"https:\/\/estreia.pt\/en\/wp-json\/wp\/v2\/pages"}],"about":[{"href":"https:\/\/estreia.pt\/en\/wp-json\/wp\/v2\/types\/page"}],"author":[{"embeddable":true,"href":"https:\/\/estreia.pt\/en\/wp-json\/wp\/v2\/users\/1"}],"replies":[{"embeddable":true,"href":"https:\/\/estreia.pt\/en\/wp-json\/wp\/v2\/comments?post=2700"}],"version-history":[{"count":0,"href":"https:\/\/estreia.pt\/en\/wp-json\/wp\/v2\/pages\/2700\/revisions"}],"up":[{"embeddable":true,"href":"https:\/\/estreia.pt\/en\/wp-json\/wp\/v2\/pages\/2647"}],"wp:featuredmedia":[{"embeddable":true,"href":"https:\/\/estreia.pt\/en\/wp-json\/wp\/v2\/media\/2018"}],"wp:attachment":[{"href":"https:\/\/estreia.pt\/en\/wp-json\/wp\/v2\/media?parent=2700"}],"wp:term":[{"taxonomy":"post_tag","embeddable":true,"href":"https:\/\/estreia.pt\/en\/wp-json\/wp\/v2\/tags?post=2700"}],"curies":[{"name":"wp","href":"https:\/\/api.w.org\/{rel}","templated":true}]}}