{"id":3461,"date":"2014-04-11T03:44:00","date_gmt":"2014-04-11T03:44:00","guid":{"rendered":"https:\/\/estreia.pt\/?page_id=3461"},"modified":"2024-07-10T02:17:11","modified_gmt":"2024-07-10T02:17:11","slug":"turbomar-mozambique-new-website","status":"publish","type":"page","link":"https:\/\/estreia.pt\/en\/blog\/turbomar-mozambique-new-website\/","title":{"rendered":"Turbomar Mozambique new website"},"content":{"rendered":"\n<p>Microsite with WordPress back-office<\/p>\n\n\n\n<!--more-->\n\n\n\n<h3 class=\"wp-block-heading\">ESTREIA was responsible for the <a href=\"https:\/\/estreia.pt\/en\/services\/web-design\/\" data-type=\"page\" data-id=\"2649\">web design<\/a> and implementation of the TURBOMAR Group website for the Mozambique market.<\/h3>\n\n\n\n<p>The TURBOMAR Mo\u00e7ambique website is a microsite, with a design aligned with the company&#8217;s image and a WordPress content manager.<\/p>\n\n\n\n<figure class=\"wp-block-gallery has-nested-images columns-default is-cropped\">\n<figure class=\"wp-block-image size-full\"><img loading=\"lazy\" decoding=\"async\" width=\"500\" height=\"500\" data-id=\"115\" src=\"https:\/\/estreia.pt\/wp-content\/uploads\/noticias_turbomar_mocambique_thumb.jpg\" alt=\"Produ\u00e7\u00e3o do Site Turbomar Mo\u00e7ambique\" class=\"wp-image-115\"\/><\/figure>\n<\/figure>\n","protected":false},"excerpt":{"rendered":"<p>Microsite with WordPress back-office<\/p>\n","protected":false},"author":1,"featured_media":115,"parent":3243,"menu_order":35,"comment_status":"closed","ping_status":"closed","template":"","meta":{"_acf_changed":false,"footnotes":""},"tags":[],"acf":[],"_links":{"self":[{"href":"https:\/\/estreia.pt\/en\/wp-json\/wp\/v2\/pages\/3461"}],"collection":[{"href":"https:\/\/estreia.pt\/en\/wp-json\/wp\/v2\/pages"}],"about":[{"href":"https:\/\/estreia.pt\/en\/wp-json\/wp\/v2\/types\/page"}],"author":[{"embeddable":true,"href":"https:\/\/estreia.pt\/en\/wp-json\/wp\/v2\/users\/1"}],"replies":[{"embeddable":true,"href":"https:\/\/estreia.pt\/en\/wp-json\/wp\/v2\/comments?post=3461"}],"version-history":[{"count":0,"href":"https:\/\/estreia.pt\/en\/wp-json\/wp\/v2\/pages\/3461\/revisions"}],"up":[{"embeddable":true,"href":"https:\/\/estreia.pt\/en\/wp-json\/wp\/v2\/pages\/3243"}],"wp:featuredmedia":[{"embeddable":true,"href":"https:\/\/estreia.pt\/en\/wp-json\/wp\/v2\/media\/115"}],"wp:attachment":[{"href":"https:\/\/estreia.pt\/en\/wp-json\/wp\/v2\/media?parent=3461"}],"wp:term":[{"taxonomy":"post_tag","embeddable":true,"href":"https:\/\/estreia.pt\/en\/wp-json\/wp\/v2\/tags?post=3461"}],"curies":[{"name":"wp","href":"https:\/\/api.w.org\/{rel}","templated":true}]}}